{"id":542,"date":"2025-05-22T07:22:11","date_gmt":"2025-05-22T07:22:11","guid":{"rendered":"http:\/\/http:\/\/chempharco.com\/?page_id=542"},"modified":"2025-06-09T13:34:01","modified_gmt":"2025-06-09T06:34:01","slug":"san-pham","status":"publish","type":"page","link":"https:\/\/cpc1.vn\/en\/san-pham\/","title":{"rendered":"S\u1ea3n ph\u1ea9m"},"content":{"rendered":"<div class=\"wp-block-stackable-columns alignfull stk-block-columns stk-block stk-66f4e77 stk-block-background stk--has-background-overlay\" data-block-id=\"66f4e77\"><style>.stk-66f4e77 {background-color:#000000 !important;background-image:url(http:\/\/cpc1.vn\/wp-content\/uploads\/2025\/05\/z6654633757544_7c6f81c10e27cf4ee8b3e7d50c21a48e.jpg) !important;padding-top:300px !important;padding-bottom:180px !important;margin-bottom:0px !important;}.stk-66f4e77:before{background-color:#000000 !important;opacity:0.5 !important;}@media screen and (max-width:999px){.stk-66f4e77 {padding-top:200px !important;padding-bottom:130px !important;}}<\/style><div class=\"stk-row stk-inner-blocks stk-block-content stk-content-align stk-66f4e77-column alignfull\">\n<div class=\"wp-block-stackable-column stk-block-column stk-column stk-block stk-65fedde\" data-v=\"4\" data-block-id=\"65fedde\"><style>.stk-65fedde-container{margin-top:0px !important;margin-right:0px !important;margin-bottom:0px !important;margin-left:0px !important;}<\/style><div class=\"stk-column-wrapper stk-block-column__content stk-container stk-65fedde-container stk--no-background stk--no-padding\"><div class=\"has-text-align-center stk-block-content stk-inner-blocks stk-65fedde-inner-blocks\">\n\n\n\n<div class=\"wp-block-stackable-heading stk-block-heading stk-block-heading--v2 stk-block stk-cace0c4\" id=\"s\u1ea3n-ph\u1ea9m\" data-block-id=\"cace0c4\"><style>.stk-cace0c4 {margin-top:20px !important;}.stk-cace0c4 .stk-block-heading__text{font-size:90px !important;color:var(--theme-palette-color-8, #ffffff) !important;}@media screen and (max-width:999px){.stk-cace0c4 .stk-block-heading__text{font-size:50px !important;}}<\/style><h2 class=\"stk-block-heading__text has-text-color has-text-align-center-mobile\">S\u1ea2N PH\u1ea8M<\/h2><\/div>\n<\/div><\/div><\/div>\n<\/div><\/div>\n\n\n<form role=\"search\" method=\"get\" action=\"https:\/\/cpc1.vn\/en\/\" class=\"wp-block-search__button-outside wp-block-search__text-button wp-block-search\" data-trp-original-action=\"https:\/\/cpc1.vn\/en\/\"    ><label class=\"wp-block-search__label\" for=\"wp-block-search__input-1\" >T\u00ecm ki\u1ebfm<\/label><div class=\"wp-block-search__inside-wrapper\" ><input class=\"wp-block-search__input\" id=\"wp-block-search__input-1\" placeholder=\"\" value=\"\" type=\"search\" name=\"s\" required \/><button aria-label=\"T\u00ecm ki\u1ebfm\" class=\"wp-block-search__button wp-element-button\" type=\"submit\" >T\u00ecm ki\u1ebfm<\/button><\/div><input type=\"hidden\" name=\"trp-form-language\" value=\"en\"\/><\/form>\n\n\n\t\t\t<div class=\"wp-block-uagb-post-grid uagb-post-grid  uagb-post__image-position-top uagb-post__image-enabled uagb-block-077de637     uagb-post__items uagb-post__columns-3 is-grid uagb-post__columns-tablet-2 uagb-post__columns-mobile-1 uagb-post__equal-height\" data-total=\"30\" style=\"\">\n\n\t\t\t\t\t\t\t\t\t\t\t\t<article class=\"uagb-post__inner-wrap\">\t\t\t\t\t\t\t\t<div class='uagb-post__image'>\n\t\t\t\t\t\t\t\t\t<a href=\"https:\/\/cpc1.vn\/en\/san-pham\/cong-thuc-san-xuat-nuoc-tang-luc\/\" target=\"_self\" rel=\"bookmark noopener noreferrer\" class='uagb-image-ratio-inherit'><img loading=\"lazy\" decoding=\"async\" width=\"1024\" height=\"538\" src=\"https:\/\/cpc1.vn\/wp-content\/uploads\/2025\/09\/Symega-Energy-Drinks-thumbnail-1024x538.png\" class=\"attachment-large size-large\" alt=\"\" srcset=\"https:\/\/cpc1.vn\/wp-content\/uploads\/2025\/09\/Symega-Energy-Drinks-thumbnail-1024x538.png 1024w, https:\/\/cpc1.vn\/wp-content\/uploads\/2025\/09\/Symega-Energy-Drinks-thumbnail-300x158.png 300w, https:\/\/cpc1.vn\/wp-content\/uploads\/2025\/09\/Symega-Energy-Drinks-thumbnail-768x403.png 768w, https:\/\/cpc1.vn\/wp-content\/uploads\/2025\/09\/Symega-Energy-Drinks-thumbnail-18x9.png 18w, https:\/\/cpc1.vn\/wp-content\/uploads\/2025\/09\/Symega-Energy-Drinks-thumbnail.png 1200w\" sizes=\"auto, (max-width: 1024px) 100vw, 1024px\" \/>\t\t\t\t\t<\/a>\n\t\t\t\t\t\t\t<\/div>\n\t\t\t\t\t\t<h4 class=\"uagb-post__title uagb-post__text\">\n\t\t\t\t<a href=\"https:\/\/cpc1.vn\/en\/san-pham\/cong-thuc-san-xuat-nuoc-tang-luc\/\" target=\"_self\" rel=\"bookmark noopener noreferrer\">C\u00f4ng th\u1ee9c s\u1ea3n xu\u1ea5t n\u01b0\u1edbc t\u0103ng l\u1ef1c<\/a>\n\t\t\t<\/h4>\n\t\t\t\t\t\t<div class='uagb-post__text uagb-post-grid-byline'>\n\t\t\t\t\t\t\t<\/div>\n\t\t\t\t\t\t\t<div class='uagb-post__text uagb-post__excerpt'>\n\t\t\t\t\t<p>N\u01b0\u1edbc t\u0103ng l\u1ef1c l\u00e0 lo\u1ea1i \u0111\u1ed3 u\u1ed1ng ph\u1ed5 bi\u1ebfn tr\u00ean to\u00e0n c\u1ea7u, \u0111\u01b0\u1ee3c nhi\u1ec1u ng\u01b0\u1eddi&#8230;\t\t\t\t<\/div>\n\t\t\t\n\t\t\t\t\t\t\t\t\t<\/article>\n\t\t\t\t\t\t\t\t\t\t\t\t\t\t\t\t<article class=\"uagb-post__inner-wrap\">\t\t\t\t\t\t\t\t<div class='uagb-post__image'>\n\t\t\t\t\t\t\t\t\t<a href=\"https:\/\/cpc1.vn\/en\/san-pham\/nguyen-lieu-peg-3350-usp-polyethylene-glycol-3350-usp-sap-nhan-tao-tu-polyetylen-glycol\/\" target=\"_self\" rel=\"bookmark noopener noreferrer\" class='uagb-image-ratio-inherit'><img loading=\"lazy\" decoding=\"async\" width=\"800\" height=\"500\" src=\"https:\/\/cpc1.vn\/wp-content\/uploads\/2025\/05\/unnamed.jpg\" class=\"attachment-large size-large\" alt=\"\" srcset=\"https:\/\/cpc1.vn\/wp-content\/uploads\/2025\/05\/unnamed.jpg 800w, https:\/\/cpc1.vn\/wp-content\/uploads\/2025\/05\/unnamed-300x188.jpg 300w, https:\/\/cpc1.vn\/wp-content\/uploads\/2025\/05\/unnamed-768x480.jpg 768w, https:\/\/cpc1.vn\/wp-content\/uploads\/2025\/05\/unnamed-18x12.jpg 18w\" sizes=\"auto, (max-width: 800px) 100vw, 800px\" \/>\t\t\t\t\t<\/a>\n\t\t\t\t\t\t\t<\/div>\n\t\t\t\t\t\t<h4 class=\"uagb-post__title uagb-post__text\">\n\t\t\t\t<a href=\"https:\/\/cpc1.vn\/en\/san-pham\/nguyen-lieu-peg-3350-usp-polyethylene-glycol-3350-usp-sap-nhan-tao-tu-polyetylen-glycol\/\" target=\"_self\" rel=\"bookmark noopener noreferrer\">Nguy\u00ean li\u1ec7u PEG 3350 USP (POLYETHYLENE GLYCOL 3350 USP); (s\u00e1p nh\u00e2n t\u1ea1o t\u1eeb polyetylen glycol)<\/a>\n\t\t\t<\/h4>\n\t\t\t\t\t\t<div class='uagb-post__text uagb-post-grid-byline'>\n\t\t\t\t\t\t\t<\/div>\n\t\t\t\t\t\t\t<div class='uagb-post__text uagb-post__excerpt'>\n\t\t\t\t\t<p>Nguy\u00ean li\u1ec7u PEG 3350 USP (POLYETHYLENE GLYCOL 3350 USP); (S\u00e1p Nh\u00e2n T\u1ea1o t\u1eeb Polyetylen Glycol)&#8230;\t\t\t\t<\/div>\n\t\t\t\n\t\t\t\t\t\t\t\t\t<\/article>\n\t\t\t\t\t\t\t\t\t\t\t\t\t\t\t\t<article class=\"uagb-post__inner-wrap\">\t\t\t\t\t\t\t\t<div class='uagb-post__image'>\n\t\t\t\t\t\t\t\t\t<a href=\"https:\/\/cpc1.vn\/en\/san-pham\/nguyen-lieu-silymarin-60-milk-thistle-extract-huacheng-chiet-xuat-hat-cay-ke-sua\/\" target=\"_self\" rel=\"bookmark noopener noreferrer\" class='uagb-image-ratio-inherit'><img loading=\"lazy\" decoding=\"async\" width=\"800\" height=\"500\" src=\"https:\/\/cpc1.vn\/wp-content\/uploads\/2025\/05\/unnamed.jpg\" class=\"attachment-large size-large\" alt=\"\" srcset=\"https:\/\/cpc1.vn\/wp-content\/uploads\/2025\/05\/unnamed.jpg 800w, https:\/\/cpc1.vn\/wp-content\/uploads\/2025\/05\/unnamed-300x188.jpg 300w, https:\/\/cpc1.vn\/wp-content\/uploads\/2025\/05\/unnamed-768x480.jpg 768w, https:\/\/cpc1.vn\/wp-content\/uploads\/2025\/05\/unnamed-18x12.jpg 18w\" sizes=\"auto, (max-width: 800px) 100vw, 800px\" \/>\t\t\t\t\t<\/a>\n\t\t\t\t\t\t\t<\/div>\n\t\t\t\t\t\t<h4 class=\"uagb-post__title uagb-post__text\">\n\t\t\t\t<a href=\"https:\/\/cpc1.vn\/en\/san-pham\/nguyen-lieu-silymarin-60-milk-thistle-extract-huacheng-chiet-xuat-hat-cay-ke-sua\/\" target=\"_self\" rel=\"bookmark noopener noreferrer\">Nguy\u00ean li\u1ec7u Silymarin 60% (Milk Thistle Extract ) huacheng &#8211; Chi\u1ebft xu\u1ea5t h\u1ea1t c\u00e2y k\u1ebf s\u1eefa<\/a>\n\t\t\t<\/h4>\n\t\t\t\t\t\t<div class='uagb-post__text uagb-post-grid-byline'>\n\t\t\t\t\t\t\t<\/div>\n\t\t\t\t\t\t\t<div class='uagb-post__text uagb-post__excerpt'>\n\t\t\t\t\t<p>Nguy\u00ean li\u1ec7u Silymarin 60% (Milk Thistle Extract) Huacheng &#8211; Chi\u1ebft xu\u1ea5t h\u1ea1t c\u00e2y k\u1ebf s\u1eefa&#8230;\t\t\t\t<\/div>\n\t\t\t\n\t\t\t\t\t\t\t\t\t<\/article>\n\t\t\t\t\t\t\t\t\t\t\t\t\t\t\t\t<article class=\"uagb-post__inner-wrap\">\t\t\t\t\t\t\t\t<div class='uagb-post__image'>\n\t\t\t\t\t\t\t\t\t<a href=\"https:\/\/cpc1.vn\/en\/san-pham\/nguyen-lieu-s-acetyl-l-glutathione\/\" target=\"_self\" rel=\"bookmark noopener noreferrer\" class='uagb-image-ratio-inherit'><img loading=\"lazy\" decoding=\"async\" width=\"800\" height=\"500\" src=\"https:\/\/cpc1.vn\/wp-content\/uploads\/2025\/05\/unnamed.jpg\" class=\"attachment-large size-large\" alt=\"\" srcset=\"https:\/\/cpc1.vn\/wp-content\/uploads\/2025\/05\/unnamed.jpg 800w, https:\/\/cpc1.vn\/wp-content\/uploads\/2025\/05\/unnamed-300x188.jpg 300w, https:\/\/cpc1.vn\/wp-content\/uploads\/2025\/05\/unnamed-768x480.jpg 768w, https:\/\/cpc1.vn\/wp-content\/uploads\/2025\/05\/unnamed-18x12.jpg 18w\" sizes=\"auto, (max-width: 800px) 100vw, 800px\" \/>\t\t\t\t\t<\/a>\n\t\t\t\t\t\t\t<\/div>\n\t\t\t\t\t\t<h4 class=\"uagb-post__title uagb-post__text\">\n\t\t\t\t<a href=\"https:\/\/cpc1.vn\/en\/san-pham\/nguyen-lieu-s-acetyl-l-glutathione\/\" target=\"_self\" rel=\"bookmark noopener noreferrer\">Nguy\u00ean li\u1ec7u S- Acetyl &#8211; L- Glutathione<\/a>\n\t\t\t<\/h4>\n\t\t\t\t\t\t<div class='uagb-post__text uagb-post-grid-byline'>\n\t\t\t\t\t\t\t<\/div>\n\t\t\t\t\t\t\t<div class='uagb-post__text uagb-post__excerpt'>\n\t\t\t\t\t<p>Nguy\u00ean li\u1ec7u S-Acetyl-L-Glutathione: B\u00ed quy\u1ebft cho s\u1ee9c kh\u1ecfe v\u00e0 l\u00e0n da ho\u00e0n h\u1ea3o Trong th\u1ebf&#8230;\t\t\t\t<\/div>\n\t\t\t\n\t\t\t\t\t\t\t\t\t<\/article>\n\t\t\t\t\t\t\t\t\t\t\t\t\t\t\t\t<article class=\"uagb-post__inner-wrap\">\t\t\t\t\t\t\t\t<div class='uagb-post__image'>\n\t\t\t\t\t\t\t\t\t<a href=\"https:\/\/cpc1.vn\/en\/san-pham\/nguyen-lieu-sodium-alginate\/\" target=\"_self\" rel=\"bookmark noopener noreferrer\" class='uagb-image-ratio-inherit'><img loading=\"lazy\" decoding=\"async\" width=\"800\" height=\"500\" src=\"https:\/\/cpc1.vn\/wp-content\/uploads\/2025\/05\/unnamed.jpg\" class=\"attachment-large size-large\" alt=\"\" srcset=\"https:\/\/cpc1.vn\/wp-content\/uploads\/2025\/05\/unnamed.jpg 800w, https:\/\/cpc1.vn\/wp-content\/uploads\/2025\/05\/unnamed-300x188.jpg 300w, https:\/\/cpc1.vn\/wp-content\/uploads\/2025\/05\/unnamed-768x480.jpg 768w, https:\/\/cpc1.vn\/wp-content\/uploads\/2025\/05\/unnamed-18x12.jpg 18w\" sizes=\"auto, (max-width: 800px) 100vw, 800px\" \/>\t\t\t\t\t<\/a>\n\t\t\t\t\t\t\t<\/div>\n\t\t\t\t\t\t<h4 class=\"uagb-post__title uagb-post__text\">\n\t\t\t\t<a href=\"https:\/\/cpc1.vn\/en\/san-pham\/nguyen-lieu-sodium-alginate\/\" target=\"_self\" rel=\"bookmark noopener noreferrer\">Nguy\u00ean li\u1ec7u Sodium Alginate<\/a>\n\t\t\t<\/h4>\n\t\t\t\t\t\t<div class='uagb-post__text uagb-post-grid-byline'>\n\t\t\t\t\t\t\t<\/div>\n\t\t\t\t\t\t\t<div class='uagb-post__text uagb-post__excerpt'>\n\t\t\t\t\t<p>Nguy\u00ean li\u1ec7u Sodium Alginate: \u1ee8ng d\u1ee5ng v\u00e0 T\u1ea7m quan tr\u1ecdng trong C\u00f4ng nghi\u1ec7p Hi\u1ec7n \u0111\u1ea1i&#8230;\t\t\t\t<\/div>\n\t\t\t\n\t\t\t\t\t\t\t\t\t<\/article>\n\t\t\t\t\t\t\t\t\t\t\t\t\t\t\t\t<article class=\"uagb-post__inner-wrap\">\t\t\t\t\t\t\t\t<div class='uagb-post__image'>\n\t\t\t\t\t\t\t\t\t<a href=\"https:\/\/cpc1.vn\/en\/san-pham\/nguyen-lieu-silymarin-panjin-shengbo-chiet-xuat-hat-cay-khe-sua\/\" target=\"_self\" rel=\"bookmark noopener noreferrer\" class='uagb-image-ratio-inherit'><img loading=\"lazy\" decoding=\"async\" width=\"800\" height=\"500\" src=\"https:\/\/cpc1.vn\/wp-content\/uploads\/2025\/05\/unnamed.jpg\" class=\"attachment-large size-large\" alt=\"\" srcset=\"https:\/\/cpc1.vn\/wp-content\/uploads\/2025\/05\/unnamed.jpg 800w, https:\/\/cpc1.vn\/wp-content\/uploads\/2025\/05\/unnamed-300x188.jpg 300w, https:\/\/cpc1.vn\/wp-content\/uploads\/2025\/05\/unnamed-768x480.jpg 768w, https:\/\/cpc1.vn\/wp-content\/uploads\/2025\/05\/unnamed-18x12.jpg 18w\" sizes=\"auto, (max-width: 800px) 100vw, 800px\" \/>\t\t\t\t\t<\/a>\n\t\t\t\t\t\t\t<\/div>\n\t\t\t\t\t\t<h4 class=\"uagb-post__title uagb-post__text\">\n\t\t\t\t<a href=\"https:\/\/cpc1.vn\/en\/san-pham\/nguyen-lieu-silymarin-panjin-shengbo-chiet-xuat-hat-cay-khe-sua\/\" target=\"_self\" rel=\"bookmark noopener noreferrer\">Nguy\u00ean li\u1ec7u Silymarin (Panjin shengbo) &#8211; Chi\u1ebft xu\u1ea5t h\u1ea1t c\u00e2y kh\u1ebf s\u1eefa<\/a>\n\t\t\t<\/h4>\n\t\t\t\t\t\t<div class='uagb-post__text uagb-post-grid-byline'>\n\t\t\t\t\t\t\t<\/div>\n\t\t\t\t\t\t\t<div class='uagb-post__text uagb-post__excerpt'>\n\t\t\t\t\t<p>Nguy\u00ean li\u1ec7u Silymarin (Panjin Shengbo) &#8211; Chi\u1ebft xu\u1ea5t h\u1ea1t c\u00e2y kh\u1ebf s\u1eefa Trong l\u0129nh v\u1ef1c&#8230;\t\t\t\t<\/div>\n\t\t\t\n\t\t\t\t\t\t\t\t\t<\/article>\n\t\t\t\t\t\t\t\t\t\t\t\t\t\t\t\t<article class=\"uagb-post__inner-wrap\">\t\t\t\t\t\t\t\t<div class='uagb-post__image'>\n\t\t\t\t\t\t\t\t\t<a href=\"https:\/\/cpc1.vn\/en\/san-pham\/nguyen-lieu-chiet-xuat-bach-qua-ginkgo-biloba-extract\/\" target=\"_self\" rel=\"bookmark noopener noreferrer\" class='uagb-image-ratio-inherit'><img loading=\"lazy\" decoding=\"async\" width=\"800\" height=\"500\" src=\"https:\/\/cpc1.vn\/wp-content\/uploads\/2025\/05\/unnamed.jpg\" class=\"attachment-large size-large\" alt=\"\" srcset=\"https:\/\/cpc1.vn\/wp-content\/uploads\/2025\/05\/unnamed.jpg 800w, https:\/\/cpc1.vn\/wp-content\/uploads\/2025\/05\/unnamed-300x188.jpg 300w, https:\/\/cpc1.vn\/wp-content\/uploads\/2025\/05\/unnamed-768x480.jpg 768w, https:\/\/cpc1.vn\/wp-content\/uploads\/2025\/05\/unnamed-18x12.jpg 18w\" sizes=\"auto, (max-width: 800px) 100vw, 800px\" \/>\t\t\t\t\t<\/a>\n\t\t\t\t\t\t\t<\/div>\n\t\t\t\t\t\t<h4 class=\"uagb-post__title uagb-post__text\">\n\t\t\t\t<a href=\"https:\/\/cpc1.vn\/en\/san-pham\/nguyen-lieu-chiet-xuat-bach-qua-ginkgo-biloba-extract\/\" target=\"_self\" rel=\"bookmark noopener noreferrer\">Nguy\u00ean li\u1ec7u Chi\u1ebft xu\u1ea5t b\u1ea1ch qu\u1ea3 (Ginkgo Biloba Extract)<\/a>\n\t\t\t<\/h4>\n\t\t\t\t\t\t<div class='uagb-post__text uagb-post-grid-byline'>\n\t\t\t\t\t\t\t<\/div>\n\t\t\t\t\t\t\t<div class='uagb-post__text uagb-post__excerpt'>\n\t\t\t\t\t<p>Nguy\u00ean li\u1ec7u Chi\u1ebft xu\u1ea5t b\u1ea1ch qu\u1ea3 (Ginkgo Biloba Extract) Trong th\u1ebf gi\u1edbi hi\u1ec7n \u0111\u1ea1i, khi&#8230;\t\t\t\t<\/div>\n\t\t\t\n\t\t\t\t\t\t\t\t\t<\/article>\n\t\t\t\t\t\t\t\t\t\t\t\t\t\t\t\t<article class=\"uagb-post__inner-wrap\">\t\t\t\t\t\t\t\t<div class='uagb-post__image'>\n\t\t\t\t\t\t\t\t\t<a href=\"https:\/\/cpc1.vn\/en\/san-pham\/nguyen-lieu-biotin\/\" target=\"_self\" rel=\"bookmark noopener noreferrer\" class='uagb-image-ratio-inherit'><img loading=\"lazy\" decoding=\"async\" width=\"800\" height=\"500\" src=\"https:\/\/cpc1.vn\/wp-content\/uploads\/2025\/05\/unnamed.jpg\" class=\"attachment-large size-large\" alt=\"\" srcset=\"https:\/\/cpc1.vn\/wp-content\/uploads\/2025\/05\/unnamed.jpg 800w, https:\/\/cpc1.vn\/wp-content\/uploads\/2025\/05\/unnamed-300x188.jpg 300w, https:\/\/cpc1.vn\/wp-content\/uploads\/2025\/05\/unnamed-768x480.jpg 768w, https:\/\/cpc1.vn\/wp-content\/uploads\/2025\/05\/unnamed-18x12.jpg 18w\" sizes=\"auto, (max-width: 800px) 100vw, 800px\" \/>\t\t\t\t\t<\/a>\n\t\t\t\t\t\t\t<\/div>\n\t\t\t\t\t\t<h4 class=\"uagb-post__title uagb-post__text\">\n\t\t\t\t<a href=\"https:\/\/cpc1.vn\/en\/san-pham\/nguyen-lieu-biotin\/\" target=\"_self\" rel=\"bookmark noopener noreferrer\">Nguy\u00ean li\u1ec7u Biotin<\/a>\n\t\t\t<\/h4>\n\t\t\t\t\t\t<div class='uagb-post__text uagb-post-grid-byline'>\n\t\t\t\t\t\t\t<\/div>\n\t\t\t\t\t\t\t<div class='uagb-post__text uagb-post__excerpt'>\n\t\t\t\t\t<p>Nguy\u00ean li\u1ec7u Biotin: B\u00ed quy\u1ebft cho s\u1ee9c kh\u1ecfe v\u00e0 s\u1eafc \u0111\u1eb9p Trong th\u1ebf gi\u1edbi ch\u0103m&#8230;\t\t\t\t<\/div>\n\t\t\t\n\t\t\t\t\t\t\t\t\t<\/article>\n\t\t\t\t\t\t\t\t\t\t\t\t\t\t\t\t<article class=\"uagb-post__inner-wrap\">\t\t\t\t\t\t\t\t<div class='uagb-post__image'>\n\t\t\t\t\t\t\t\t\t<a href=\"https:\/\/cpc1.vn\/en\/san-pham\/nguyen-lieu-chiet-xuat-la-cay-o-liu-hif1stem\/\" target=\"_self\" rel=\"bookmark noopener noreferrer\" class='uagb-image-ratio-inherit'><img loading=\"lazy\" decoding=\"async\" width=\"800\" height=\"500\" src=\"https:\/\/cpc1.vn\/wp-content\/uploads\/2025\/05\/unnamed.jpg\" class=\"attachment-large size-large\" alt=\"\" srcset=\"https:\/\/cpc1.vn\/wp-content\/uploads\/2025\/05\/unnamed.jpg 800w, https:\/\/cpc1.vn\/wp-content\/uploads\/2025\/05\/unnamed-300x188.jpg 300w, https:\/\/cpc1.vn\/wp-content\/uploads\/2025\/05\/unnamed-768x480.jpg 768w, https:\/\/cpc1.vn\/wp-content\/uploads\/2025\/05\/unnamed-18x12.jpg 18w\" sizes=\"auto, (max-width: 800px) 100vw, 800px\" \/>\t\t\t\t\t<\/a>\n\t\t\t\t\t\t\t<\/div>\n\t\t\t\t\t\t<h4 class=\"uagb-post__title uagb-post__text\">\n\t\t\t\t<a href=\"https:\/\/cpc1.vn\/en\/san-pham\/nguyen-lieu-chiet-xuat-la-cay-o-liu-hif1stem\/\" target=\"_self\" rel=\"bookmark noopener noreferrer\">Nguy\u00ean li\u1ec7u Chi\u1ebft xu\u1ea5t l\u00e1 c\u00e2y \u00f4 liu &#8211; HIF1STEM<\/a>\n\t\t\t<\/h4>\n\t\t\t\t\t\t<div class='uagb-post__text uagb-post-grid-byline'>\n\t\t\t\t\t\t\t<\/div>\n\t\t\t\t\t\t\t<div class='uagb-post__text uagb-post__excerpt'>\n\t\t\t\t\t<p>Nguy\u00ean li\u1ec7u Chi\u1ebft xu\u1ea5t l\u00e1 c\u00e2y \u00f4 liu &#8211; HIF1STEM: B\u00ed quy\u1ebft v\u00e0ng cho s\u1ee9c&#8230;\t\t\t\t<\/div>\n\t\t\t\n\t\t\t\t\t\t\t\t\t<\/article>\n\t\t\t\t\t\t\t\t\t\t\t\t\t\t\t\t<article class=\"uagb-post__inner-wrap\">\t\t\t\t\t\t\t\t<div class='uagb-post__image'>\n\t\t\t\t\t\t\t\t\t<a href=\"https:\/\/cpc1.vn\/en\/san-pham\/nguyen-lieu-humiome-post-lb-vi-khuan-don-bao-chet-lactobacillus-lb-dang-bot\/\" target=\"_self\" rel=\"bookmark noopener noreferrer\" class='uagb-image-ratio-inherit'><img loading=\"lazy\" decoding=\"async\" width=\"800\" height=\"500\" src=\"https:\/\/cpc1.vn\/wp-content\/uploads\/2025\/05\/unnamed.jpg\" class=\"attachment-large size-large\" alt=\"\" srcset=\"https:\/\/cpc1.vn\/wp-content\/uploads\/2025\/05\/unnamed.jpg 800w, https:\/\/cpc1.vn\/wp-content\/uploads\/2025\/05\/unnamed-300x188.jpg 300w, https:\/\/cpc1.vn\/wp-content\/uploads\/2025\/05\/unnamed-768x480.jpg 768w, https:\/\/cpc1.vn\/wp-content\/uploads\/2025\/05\/unnamed-18x12.jpg 18w\" sizes=\"auto, (max-width: 800px) 100vw, 800px\" \/>\t\t\t\t\t<\/a>\n\t\t\t\t\t\t\t<\/div>\n\t\t\t\t\t\t<h4 class=\"uagb-post__title uagb-post__text\">\n\t\t\t\t<a href=\"https:\/\/cpc1.vn\/en\/san-pham\/nguyen-lieu-humiome-post-lb-vi-khuan-don-bao-chet-lactobacillus-lb-dang-bot\/\" target=\"_self\" rel=\"bookmark noopener noreferrer\">Nguy\u00ean li\u1ec7u vi khu\u1ea9n b\u1ea5t ho\u1ea1t Lactobacillus LB, m\u00f4i tr\u01b0\u1eddng nu\u00f4i c\u1ea5y l\u00ean men trung t\u00ednh<\/a>\n\t\t\t<\/h4>\n\t\t\t\t\t\t<div class='uagb-post__text uagb-post-grid-byline'>\n\t\t\t\t\t\t\t<\/div>\n\t\t\t\t\t\t\t<div class='uagb-post__text uagb-post__excerpt'>\n\t\t\t\t\t<p>Nguy\u00ean li\u1ec7u vi khu\u1ea9n b\u1ea5t ho\u1ea1t Lactobacillus LB, m\u00f4i tr\u01b0\u1eddng nu\u00f4i c\u1ea5y l\u00ean men trung&#8230;\t\t\t\t<\/div>\n\t\t\t\n\t\t\t\t\t\t\t\t\t<\/article>\n\t\t\t\t\t\t\t\t\t\t\t\t\t\t\t\t<article class=\"uagb-post__inner-wrap\">\t\t\t\t\t\t\t\t<div class='uagb-post__image'>\n\t\t\t\t\t\t\t\t\t<a href=\"https:\/\/cpc1.vn\/en\/san-pham\/nguyen-lieu-chiet-xuat-giao-co-lam-501-gynostemma-pentaphyllum-extract-501\/\" target=\"_self\" rel=\"bookmark noopener noreferrer\" class='uagb-image-ratio-inherit'><img loading=\"lazy\" decoding=\"async\" width=\"800\" height=\"500\" src=\"https:\/\/cpc1.vn\/wp-content\/uploads\/2025\/05\/unnamed.jpg\" class=\"attachment-large size-large\" alt=\"\" srcset=\"https:\/\/cpc1.vn\/wp-content\/uploads\/2025\/05\/unnamed.jpg 800w, https:\/\/cpc1.vn\/wp-content\/uploads\/2025\/05\/unnamed-300x188.jpg 300w, https:\/\/cpc1.vn\/wp-content\/uploads\/2025\/05\/unnamed-768x480.jpg 768w, https:\/\/cpc1.vn\/wp-content\/uploads\/2025\/05\/unnamed-18x12.jpg 18w\" sizes=\"auto, (max-width: 800px) 100vw, 800px\" \/>\t\t\t\t\t<\/a>\n\t\t\t\t\t\t\t<\/div>\n\t\t\t\t\t\t<h4 class=\"uagb-post__title uagb-post__text\">\n\t\t\t\t<a href=\"https:\/\/cpc1.vn\/en\/san-pham\/nguyen-lieu-chiet-xuat-giao-co-lam-501-gynostemma-pentaphyllum-extract-501\/\" target=\"_self\" rel=\"bookmark noopener noreferrer\">Nguy\u00ean li\u1ec7u Chi\u1ebft xu\u1ea5t gi\u1ea3o c\u1ed5 lam 50:1 &#8211; Gynostemma pentaphyllum Extract 50:1<\/a>\n\t\t\t<\/h4>\n\t\t\t\t\t\t<div class='uagb-post__text uagb-post-grid-byline'>\n\t\t\t\t\t\t\t<\/div>\n\t\t\t\t\t\t\t<div class='uagb-post__text uagb-post__excerpt'>\n\t\t\t\t\t<p>Nguy\u00ean li\u1ec7u Chi\u1ebft xu\u1ea5t gi\u1ea3o c\u1ed5 lam 50:1 &#8211; Gynostemma pentaphyllum Extract 50:1 Trong nh\u1eefng&#8230;\t\t\t\t<\/div>\n\t\t\t\n\t\t\t\t\t\t\t\t\t<\/article>\n\t\t\t\t\t\t\t\t\t\t\t\t\t\t\t\t<article class=\"uagb-post__inner-wrap\">\t\t\t\t\t\t\t\t<div class='uagb-post__image'>\n\t\t\t\t\t\t\t\t\t<a href=\"https:\/\/cpc1.vn\/en\/san-pham\/nguyen-lieu-resveratrol-98\/\" target=\"_self\" rel=\"bookmark noopener noreferrer\" class='uagb-image-ratio-inherit'><img loading=\"lazy\" decoding=\"async\" width=\"800\" height=\"500\" src=\"https:\/\/cpc1.vn\/wp-content\/uploads\/2025\/05\/unnamed.jpg\" class=\"attachment-large size-large\" alt=\"\" srcset=\"https:\/\/cpc1.vn\/wp-content\/uploads\/2025\/05\/unnamed.jpg 800w, https:\/\/cpc1.vn\/wp-content\/uploads\/2025\/05\/unnamed-300x188.jpg 300w, https:\/\/cpc1.vn\/wp-content\/uploads\/2025\/05\/unnamed-768x480.jpg 768w, https:\/\/cpc1.vn\/wp-content\/uploads\/2025\/05\/unnamed-18x12.jpg 18w\" sizes=\"auto, (max-width: 800px) 100vw, 800px\" \/>\t\t\t\t\t<\/a>\n\t\t\t\t\t\t\t<\/div>\n\t\t\t\t\t\t<h4 class=\"uagb-post__title uagb-post__text\">\n\t\t\t\t<a href=\"https:\/\/cpc1.vn\/en\/san-pham\/nguyen-lieu-resveratrol-98\/\" target=\"_self\" rel=\"bookmark noopener noreferrer\">Nguy\u00ean li\u1ec7u Resveratrol 98%<\/a>\n\t\t\t<\/h4>\n\t\t\t\t\t\t<div class='uagb-post__text uagb-post-grid-byline'>\n\t\t\t\t\t\t\t<\/div>\n\t\t\t\t\t\t\t<div class='uagb-post__text uagb-post__excerpt'>\n\t\t\t\t\t<p>Nguy\u00ean li\u1ec7u Resveratrol 98% \u2013 B\u00ed quy\u1ebft cho s\u1ee9c kh\u1ecfe v\u00e0 s\u1eafc \u0111\u1eb9p t\u1eeb thi\u00ean&#8230;\t\t\t\t<\/div>\n\t\t\t\n\t\t\t\t\t\t\t\t\t<\/article>\n\t\t\t\t\t\t\t\t\t\t\t\t\t<div class=\"uagb-post-pagination-wrap\">\n\t\t\t\t\t\t<span aria-current=\"page\" class=\"page-numbers current\">1<\/span>\n<a class=\"page-numbers\" href=\"https:\/\/cpc1.vn\/en\/wp-json\/wp\/v2\/pages\/542\/page\/2\/\">2<\/a>\n<a class=\"page-numbers\" href=\"https:\/\/cpc1.vn\/en\/wp-json\/wp\/v2\/pages\/542\/page\/3\/\">3<\/a>\n<a class=\"page-numbers\" href=\"https:\/\/cpc1.vn\/en\/wp-json\/wp\/v2\/pages\/542\/page\/4\/\">4<\/a>\n<a class=\"page-numbers\" href=\"https:\/\/cpc1.vn\/en\/wp-json\/wp\/v2\/pages\/542\/page\/5\/\">5<\/a>\n<span class=\"page-numbers dots\">&hellip;<\/span>\n<a class=\"page-numbers\" href=\"https:\/\/cpc1.vn\/en\/wp-json\/wp\/v2\/pages\/542\/page\/27\/\">27<\/a>\n<a class=\"page-numbers\" href=\"https:\/\/cpc1.vn\/en\/wp-json\/wp\/v2\/pages\/542\/page\/28\/\">28<\/a>\n<a class=\"page-numbers\" href=\"https:\/\/cpc1.vn\/en\/wp-json\/wp\/v2\/pages\/542\/page\/29\/\">29<\/a>\n<a class=\"page-numbers\" href=\"https:\/\/cpc1.vn\/en\/wp-json\/wp\/v2\/pages\/542\/page\/30\/\">30<\/a>\n<a class=\"next page-numbers\" href=\"https:\/\/cpc1.vn\/en\/wp-json\/wp\/v2\/pages\/542\/page\/2\/\">Next \u00bb<\/a>\t\t\t\t\t<\/div>\n\t\t\t\t\t\t\t\t<\/div>","protected":false},"excerpt":{"rendered":"<p>S\u1ea2N PH\u1ea8M<\/p>","protected":false},"author":1,"featured_media":0,"parent":0,"menu_order":0,"comment_status":"closed","ping_status":"closed","template":"","meta":{"_acf_changed":false,"_uag_custom_page_level_css":"","footnotes":""},"class_list":["post-542","page","type-page","status-publish","hentry"],"blocksy_meta":[],"acf":[],"uagb_featured_image_src":{"full":false,"thumbnail":false,"medium":false,"medium_large":false,"large":false,"1536x1536":false,"2048x2048":false,"trp-custom-language-flag":false},"uagb_author_info":{"display_name":"cpc1vn","author_link":"https:\/\/cpc1.vn\/en\/author\/cpc1vn\/"},"uagb_comment_info":0,"uagb_excerpt":"S\u1ea2N PH\u1ea8M","_links":{"self":[{"href":"https:\/\/cpc1.vn\/en\/wp-json\/wp\/v2\/pages\/542","targetHints":{"allow":["GET"]}}],"collection":[{"href":"https:\/\/cpc1.vn\/en\/wp-json\/wp\/v2\/pages"}],"about":[{"href":"https:\/\/cpc1.vn\/en\/wp-json\/wp\/v2\/types\/page"}],"author":[{"embeddable":true,"href":"https:\/\/cpc1.vn\/en\/wp-json\/wp\/v2\/users\/1"}],"replies":[{"embeddable":true,"href":"https:\/\/cpc1.vn\/en\/wp-json\/wp\/v2\/comments?post=542"}],"version-history":[{"count":18,"href":"https:\/\/cpc1.vn\/en\/wp-json\/wp\/v2\/pages\/542\/revisions"}],"predecessor-version":[{"id":1500,"href":"https:\/\/cpc1.vn\/en\/wp-json\/wp\/v2\/pages\/542\/revisions\/1500"}],"wp:attachment":[{"href":"https:\/\/cpc1.vn\/en\/wp-json\/wp\/v2\/media?parent=542"}],"curies":[{"name":"wp","href":"https:\/\/api.w.org\/{rel}","templated":true}]}}