{"id":3,"date":"2025-05-20T13:44:11","date_gmt":"2025-05-20T13:44:11","guid":{"rendered":"http:\/\/http:\/\/chempharco.com\/?page_id=3"},"modified":"2025-06-10T16:23:13","modified_gmt":"2025-06-10T09:23:13","slug":"quy-che-hoat-dong","status":"publish","type":"page","link":"https:\/\/cpc1.vn\/en\/quy-che-hoat-dong\/","title":{"rendered":"Quy ch\u1ebf ho\u1ea1t \u0111\u1ed9ng"},"content":{"rendered":"<div class=\"wp-block-stackable-columns alignfull stk-block-columns stk-block stk-66f4e77 stk-block-background stk--has-background-overlay\" data-block-id=\"66f4e77\"><style>.stk-66f4e77 {background-color:#000000 !important;background-image:url(http:\/\/cpc1.vn\/wp-content\/uploads\/2025\/05\/pexels-product-school-1299359-2678468-scaled.jpg) !important;padding-top:300px !important;padding-bottom:180px !important;margin-bottom:0px !important;}.stk-66f4e77:before{background-color:#000000 !important;opacity:0.5 !important;}@media screen and (max-width:999px){.stk-66f4e77 {padding-top:200px !important;padding-bottom:130px !important;}}<\/style><div class=\"stk-row stk-inner-blocks stk-block-content stk-content-align stk-66f4e77-column alignfull\">\n<div class=\"wp-block-stackable-column stk-block-column stk-column stk-block stk-65fedde\" data-v=\"4\" data-block-id=\"65fedde\"><style>.stk-65fedde-container{margin-top:0px !important;margin-right:0px !important;margin-bottom:0px !important;margin-left:0px !important;}<\/style><div class=\"stk-column-wrapper stk-block-column__content stk-container stk-65fedde-container stk--no-background stk--no-padding\"><div class=\"has-text-align-center stk-block-content stk-inner-blocks stk-65fedde-inner-blocks\">\n\n\n\n<div class=\"wp-block-stackable-heading stk-block-heading stk-block-heading--v2 stk-block stk-cace0c4\" id=\"quy-ch\u1ebf-ho\u1ea1t-d\u1ed9ng\" data-block-id=\"cace0c4\"><style>.stk-cace0c4 {margin-top:20px !important;}.stk-cace0c4 .stk-block-heading__text{font-size:90px !important;color:var(--theme-palette-color-8, #ffffff) !important;}@media screen and (max-width:999px){.stk-cace0c4 .stk-block-heading__text{font-size:50px !important;}}<\/style><h2 class=\"stk-block-heading__text has-text-color has-text-align-center-mobile\">Quy ch\u1ebf ho\u1ea1t \u0111\u1ed9ng<\/h2><\/div>\n<\/div><\/div><\/div>\n<\/div><\/div>\n\n\n\n<h5 class=\"wp-block-heading\">1. Quy \u0111\u1ecbnh v\u1ec1 ch\u00ednh s\u00e1ch ph\u00e2n ph\u1ed1i, giao nh\u1eadn v\u00e0 v\u1eadn chuy\u1ec3n<\/h5>\n\n\n\n<ul class=\"wp-block-list\">\n<li>C\u00f4ng ty C\u1ed5 Ph\u1ea7n H\u00f3a d\u01b0\u1ee3c &#8211; D\u01b0\u1ee3c Ph\u1ea9m I \u0111\u1ea1t ti\u00eau chu\u1ea9n GSP (Good Storage Practices), GDP ( Good Distribution Practices) v\u1edbi c\u00e1c xe chuy\u00ean d\u1ee5ng:<br>xe b\u1ea3o \u00f4n, xe \u0111\u00f4ng l\u1ea1nh \u0111\u1ea3m b\u1ea3o b\u1ea3o qu\u1ea3n, ph\u00e2n ph\u1ed1i v\u1eadn chuy\u1ec3n theo quy \u0111\u1ecbnh c\u1ee7a ng\u00e0nh D\u01b0\u1ee3c.<\/li>\n\n\n\n<li>Th\u1ee7 t\u1ee5c mua b\u00e1n \u0111\u01a1n gi\u1ea3n, thu\u1eadn ti\u1ec7n. Sau khi Qu\u00fd kh\u00e1ch \u0111\u1eb7t mua v\u00e0 k\u00fd k\u1ebft h\u1ee3p \u0111\u1ed3ng, h\u00e0ng h\u00f3a s\u1ebd \u0111\u01b0\u1ee3c giao nhanh ch\u00f3ng, hi\u1ec7u qu\u1ea3 \u0111\u1ebfn t\u1eadn kho c\u1ee7a kh\u00e1ch h\u00e0ng.<\/li>\n\n\n\n<li>C\u00f4ng ty c\u00f3 kh\u1ea3 n\u0103ng cung \u1ee9ng c\u00e1c m\u1eb7t h\u00e0ng h\u00f3a ch\u1ea5t, nguy\u00ean li\u1ec7u, t\u00e1 d\u01b0\u1ee3c, vitamin\u2026. trong ng\u00e0nh D\u01b0\u1ee3c \u1edf t\u1ea5t c\u1ea3 t\u1ec9nh,th\u00e0nh trong c\u1ea3 n\u01b0\u1edbc.<\/li>\n<\/ul>\n\n\n\n<h5 class=\"wp-block-heading\">2. Quy \u0111\u1ecbnh v\u1ec1 h\u00ecnh th\u1ee9c v\u00e0 th\u1eddi h\u1ea1n thanh to\u00e1n:<\/h5>\n\n\n\n<ul class=\"wp-block-list\">\n<li>H\u00ecnh th\u1ee9c thanh to\u00e1n: thanh to\u00e1n b\u1eb1ng chuy\u1ec3n kho\u1ea3n ho\u1eb7c ti\u1ec1n m\u1eb7t<\/li>\n\n\n\n<li>Th\u1eddi h\u1ea1n thanh to\u00e1n: theo th\u1ecfa thu\u1eadn c\u1ee7a t\u1eebng \u0111\u01a1n h\u00e0ng c\u1ee5 th\u1ec3, tuy nhi\u00ean c\u00f4ng n\u1ee3 kh\u00f4ng \u0111\u01b0\u1ee3c qu\u00e1 30 ng\u00e0y sau khi kh\u00e1ch<br>h\u00e0ng nh\u1eadn \u0111\u01b0\u1ee3c h\u00e0ng v\u00e0 h\u00f3a \u0111\u01a1n t\u00e0i ch\u00ednh.<\/li>\n<\/ul>\n\n\n\n<h5 class=\"wp-block-heading\">3. Ch\u00ednh s\u00e1ch b\u1ea3o h\u00e0nh:<\/h5>\n\n\n\n<ul class=\"wp-block-list\">\n<li>C\u00f4ng ty C\u1ed5 Ph\u1ea7n H\u00f3a d\u01b0\u1ee3c &#8211; D\u01b0\u1ee3c Ph\u1ea9m I Cam k\u1ebft b\u00e1n h\u00e0ng \u0111\u00fang ngu\u1ed3n g\u1ed1c xu\u1ea5t x\u1ee9, \u0111\u1ea3m b\u1ea3o \u0111\u00fang ch\u1ea5t l\u01b0\u1ee3ng nh\u01b0<br>y\u00eau c\u1ea7u, c\u00f2n h\u1ea1n s\u1eed d\u1ee5ng theo quy \u0111\u1ecbnh.C\u00f4ng ty C\u1ed5 Ph\u1ea7n H\u00f3a d\u01b0\u1ee3c &#8211; D\u01b0\u1ee3c Ph\u1ea9m I Cam k\u1ebft b\u00e1n h\u00e0ng \u0111\u00fang ngu\u1ed3n g\u1ed1c xu\u1ea5t x\u1ee9, \u0111\u1ea3m b\u1ea3o \u0111\u00fang ch\u1ea5t l\u01b0\u1ee3ng nh\u01b0<br>y\u00eau c\u1ea7u, c\u00f2n h\u1ea1n s\u1eed d\u1ee5ng theo quy \u0111\u1ecbnh.<\/li>\n<\/ul>\n\n\n\n<ul class=\"wp-block-list\">\n<li>C\u00f4ng ty C\u1ed5 Ph\u1ea7n H\u00f3a d\u01b0\u1ee3c &#8211; D\u01b0\u1ee3c Ph\u1ea9m I ch\u1ec9 b\u1ea3o h\u00e0nh s\u1ea3n ph\u1ea9m trong nh\u1eefng tr\u01b0\u1eddng h\u1ee3p nh\u01b0 sau:<\/li>\n\n\n\n<li>Th\u1eddi gian b\u1ea3o h\u00e0nh (h\u1ea1n s\u1eed d\u1ee5ng) \u0111\u01b0\u1ee3c ghi tr\u00ean nh\u00e3n m\u00e1c, bao b\u00ec c\u1ee7a s\u1ea3n ph\u1ea9m v\u00e0 nh\u1eefng s\u1ea3n ph\u1ea9m \u0111\u01b0\u1ee3c b\u1ea3o h\u00e0nh ph\u1ea3i<br>\u0111ang c\u00f2n th\u1eddi h\u1ea1n b\u1ea3o h\u00e0nh.<\/li>\n\n\n\n<li>Trong qu\u00e1 tr\u00ecnh giao h\u00e0ng n\u1ebfu h\u00e0ng h\u00f3a b\u1ecb m\u00f3p m\u00e9o, v\u1ee1 g\u00e2y \u1ea3nh h\u01b0\u1edfng \u0111\u1ebfn ch\u1ea5t l\u01b0\u1ee3ng m\u00e0 kh\u00e1ch h\u00e0ng ch\u1ee9ng minh \u0111\u01b0\u1ee3c<br>h\u00e0ng h\u00f3a tr\u01b0\u1edbc khi b\u00e0n giao \u0111\u00e3 c\u00f3 d\u1ea5u hi\u1ec7u h\u01b0 h\u1ecfng th\u00ec ch\u00fang t\u00f4i cam k\u1ebft s\u1ebd \u0111\u1ed5i l\u1ea1i h\u00e0ng cho kh\u00e1ch trong v\u00f2ng 24h ( theo<br>y\u00eau c\u1ea7u c\u1ee7a kh\u00e1ch h\u00e0ng).<\/li>\n\n\n\n<li>Tem, nh\u00e3n m\u00e1c ghi tr\u00ean s\u1ea3n ph\u1ea9m \u0111\u00fang c\u00e1c quy \u0111\u1ecbnh v\u1ec1 nh\u00e3n hi\u1ec7u h\u00e0ng h\u00f3a v\u00e0 quy \u0111\u1ecbnh c\u1ee7a ng\u00e0nh D\u01b0\u1ee3c kh\u00f4ng c\u00f3 d\u1ea5u hi\u1ec7u<br>b\u1ecb r\u00e1ch, bong tr\u00f3c, t\u1ea9y x\u00f3a.<\/li>\n<\/ul>\n\n\n\n<h5 class=\"wp-block-heading\">4. Ch\u00ednh s\u00e1ch \u0111\u1ed5i \/ tr\u1ea3 h\u00e0ng:<\/h5>\n\n\n\n<p>4.1 \u0110i\u1ec1u ki\u1ec7n \u0111\u01b0\u1ee3c \u0111\u1ed5i\/tr\u1ea3 h\u00e0ng<\/p>\n\n\n\n<ul class=\"wp-block-list\">\n<li>S\u1ea3n ph\u1ea9m \u0111\u01b0\u1ee3c \u0111\u1ed5i\/ tr\u1ea3 h\u00e0ng trong v\u00f2ng 15 ng\u00e0y k\u1ec3 t\u1eeb ng\u00e0y Qu\u00fd kh\u00e1ch h\u00e0ng nh\u1eadn \u0111\u01b0\u1ee3c s\u1ea3n ph\u1ea9m.<\/li>\n\n\n\n<li>S\u1ea3n ph\u1ea9m c\u00f2n nguy\u00ean \u0111ai, nguy\u00ean ki\u1ec7n, nguy\u00ean tem phi\u1ebfu, nh\u00e3n m\u00e1c<\/li>\n\n\n\n<li>Trong tr\u01b0\u1eddng h\u1ee3p s\u1ea3n ph\u1ea9m c\u00f3 quy \u0111\u1ecbnh \u0111\u1ed5i tr\u1ea3 kh\u00e1c \u00e1p d\u1ee5ng ri\u00eang cho t\u1eebng s\u1ea3n ph\u1ea9m, c\u00f4ng ty C\u1ed5 Ph\u1ea7n D\u01b0\u1ee3c Ph\u1ea9m I s\u1ebd ghi<br>r\u00f5 trong ph\u1ea7n \u0111i\u1ec1u ki\u1ec7n b\u1ea3o h\u00e0nh c\u1ee7a h\u1ee3p \u0111\u1ed3ng<\/li>\n<\/ul>\n\n\n\n<p>4.2 Nh\u1eefng s\u1ea3n ph\u1ea9m sau kh\u00f4ng \u0111\u01b0\u1ee3c \u00e1p d\u1ee5ng ch\u00ednh s\u00e1ch \u0111\u1ed5i\/ tr\u1ea3 h\u00e0ng:<\/p>\n\n\n\n<ul class=\"wp-block-list\">\n<li>S\u1ea3n ph\u1ea9m, h\u00e0ng h\u00f3a h\u01b0 h\u1ecfng do s\u1eed d\u1ee5ng, b\u1ea3o qu\u1ea3n kh\u00f4ng \u0111\u00fang c\u00e1ch.<\/li>\n\n\n\n<li>S\u1ea3n ph\u1ea9m, h\u00e0ng h\u00f3a kh\u00f4ng th\u1ecfa m\u00e3n \u0111i\u1ec1u ki\u1ec7n b\u1ea3o h\u00e0nh \u0111i k\u00e8m c\u1ee7a c\u00f4ng ty.<\/li>\n<\/ul>\n\n\n\n<p>4.3 H\u01b0\u1edbng d\u1eabn \u0111\u1ed5i\/ tr\u1ea3 l\u1ea1i h\u00e0ng:<\/p>\n\n\n\n<ul class=\"wp-block-list\">\n<li>\u0110\u1ed1i v\u1edbi h\u00e0ng h\u00f3a nguy\u00ean \u0111ai, nguy\u00ean ki\u1ec7n khi nh\u1eadp kho n\u1ebfu ph\u00e1t hi\u1ec7n h\u00e0ng h\u00f3a c\u00f3 khi\u1ebfu n\u1ea1i v\u1ec1 ch\u1ea5t l\u01b0\u1ee3ng ho\u1eb7c s\u1ed1 l\u01b0\u1ee3ng<br>v\u00e0 mu\u1ed1n \u0111\u1ed5i\/ tr\u1ea3 h\u00e0ng th\u00ec kh\u00e1ch h\u00e0ng ph\u1ea3i th\u00f4ng b\u00e1o ngay cho C\u00f4ng ty b\u1eb1ng v\u0103n b\u1ea3n ho\u1eb7c \u0111i\u1ec7n tho\u1ea1i th\u00f4ng qua nh\u00e2n vi\u00ean b\u00e1n<br>h\u00e0ng ho\u1eb7c s\u1ed1 hotline c\u1ee7a c\u00f4ng ty l\u00e0 04 3782 195\/96. V\u00e0 khi ch\u01b0a c\u00f3 \u00fd ki\u1ebfn c\u1ee7a C\u00f4ng ty CP H\u00f3a d\u01b0\u1ee3c &#8211; D\u01b0\u1ee3c Ph\u1ea9m I th\u00ec<br>kh\u00e1ch h\u00e0ng ph\u1ea3i gi\u1eef nguy\u00ean hi\u1ec7n tr\u1ea1ng h\u00e0ng h\u00f3a.<\/li>\n\n\n\n<li>H\u00e0ng h\u00f3a c\u1ee7a qu\u00fd kh\u00e1ch h\u00e0ng th\u1ecfa m\u00e3n c\u00e1c \u0111i\u1ec1u ki\u1ec7n \u0111\u1ed5i\/ tr\u1ea3 h\u00e0ng th\u00ec C\u00f4ng ty ch\u00fang t\u00f4i cam k\u1ebft s\u1ebd thu h\u1ed3i l\u1ea1i s\u1ea3n ph\u1ea9m \u0111\u00f3<br>v\u00e0 \u0111\u1ed5i s\u1ea3n ph\u1ea9m c\u00f9ng lo\u1ea1i cho kh\u00e1ch h\u00e0ng.<\/li>\n\n\n\n<li>Tr\u01b0\u1eddng h\u1ee3p kh\u00e1ch h\u00e0ng kh\u00f4ng \u0111\u1ed3ng \u00fd \u0111\u1ed5i h\u00e0ng m\u00e0 \u0111\u00e3 thanh to\u00e1n, ch\u00fang t\u00f4i cam k\u1ebft s\u1ebd xem x\u00e9t v\u00e0 th\u1ecfa thu\u1eadn l\u1ea1i v\u1edbi qu\u00fd<br>kh\u00e1ch \u0111\u1ec3 ho\u00e0n l\u1ea1i s\u1ed1 ti\u1ec1n \u0111\u00e3 mua s\u1ea3n ph\u1ea9m.<\/li>\n<\/ul>","protected":false},"excerpt":{"rendered":"<p>Quy ch\u1ebf ho\u1ea1t \u0111\u1ed9ng 1. Quy \u0111\u1ecbnh v\u1ec1 ch\u00ednh s\u00e1ch ph\u00e2n ph\u1ed1i, giao nh\u1eadn v\u00e0 v\u1eadn chuy\u1ec3n 2. Quy \u0111\u1ecbnh v\u1ec1 h\u00ecnh th\u1ee9c v\u00e0 th\u1eddi h\u1ea1n thanh to\u00e1n: 3. Ch\u00ednh s\u00e1ch b\u1ea3o h\u00e0nh: 4. Ch\u00ednh s\u00e1ch \u0111\u1ed5i \/ tr\u1ea3 h\u00e0ng: 4.1 \u0110i\u1ec1u ki\u1ec7n \u0111\u01b0\u1ee3c \u0111\u1ed5i\/tr\u1ea3 h\u00e0ng 4.2 Nh\u1eefng s\u1ea3n ph\u1ea9m sau kh\u00f4ng \u0111\u01b0\u1ee3c \u00e1p d\u1ee5ng [&hellip;]<\/p>","protected":false},"author":1,"featured_media":0,"parent":0,"menu_order":0,"comment_status":"closed","ping_status":"closed","template":"","meta":{"_acf_changed":false,"_uag_custom_page_level_css":"","footnotes":""},"class_list":["post-3","page","type-page","status-publish","hentry"],"blocksy_meta":[],"acf":[],"uagb_featured_image_src":{"full":false,"thumbnail":false,"medium":false,"medium_large":false,"large":false,"1536x1536":false,"2048x2048":false,"trp-custom-language-flag":false},"uagb_author_info":{"display_name":"cpc1vn","author_link":"https:\/\/cpc1.vn\/en\/author\/cpc1vn\/"},"uagb_comment_info":0,"uagb_excerpt":"Quy ch\u1ebf ho\u1ea1t \u0111\u1ed9ng 1. Quy \u0111\u1ecbnh v\u1ec1 ch\u00ednh s\u00e1ch ph\u00e2n ph\u1ed1i, giao nh\u1eadn v\u00e0 v\u1eadn chuy\u1ec3n 2. Quy \u0111\u1ecbnh v\u1ec1 h\u00ecnh th\u1ee9c v\u00e0 th\u1eddi h\u1ea1n thanh to\u00e1n: 3. Ch\u00ednh s\u00e1ch b\u1ea3o h\u00e0nh: 4. Ch\u00ednh s\u00e1ch \u0111\u1ed5i \/ tr\u1ea3 h\u00e0ng: 4.1 \u0110i\u1ec1u ki\u1ec7n \u0111\u01b0\u1ee3c \u0111\u1ed5i\/tr\u1ea3 h\u00e0ng 4.2 Nh\u1eefng s\u1ea3n ph\u1ea9m sau kh\u00f4ng \u0111\u01b0\u1ee3c \u00e1p d\u1ee5ng&hellip;","_links":{"self":[{"href":"https:\/\/cpc1.vn\/en\/wp-json\/wp\/v2\/pages\/3","targetHints":{"allow":["GET"]}}],"collection":[{"href":"https:\/\/cpc1.vn\/en\/wp-json\/wp\/v2\/pages"}],"about":[{"href":"https:\/\/cpc1.vn\/en\/wp-json\/wp\/v2\/types\/page"}],"author":[{"embeddable":true,"href":"https:\/\/cpc1.vn\/en\/wp-json\/wp\/v2\/users\/1"}],"replies":[{"embeddable":true,"href":"https:\/\/cpc1.vn\/en\/wp-json\/wp\/v2\/comments?post=3"}],"version-history":[{"count":2,"href":"https:\/\/cpc1.vn\/en\/wp-json\/wp\/v2\/pages\/3\/revisions"}],"predecessor-version":[{"id":1524,"href":"https:\/\/cpc1.vn\/en\/wp-json\/wp\/v2\/pages\/3\/revisions\/1524"}],"wp:attachment":[{"href":"https:\/\/cpc1.vn\/en\/wp-json\/wp\/v2\/media?parent=3"}],"curies":[{"name":"wp","href":"https:\/\/api.w.org\/{rel}","templated":true}]}}